{"id":2314,"date":"2025-05-23T10:52:56","date_gmt":"2025-05-23T08:52:56","guid":{"rendered":"https:\/\/c2tmienvironnement.com\/?page_id=2314"},"modified":"2026-02-03T09:52:43","modified_gmt":"2026-02-03T08:52:43","slug":"nos-realisations","status":"publish","type":"page","link":"https:\/\/c2tmienvironnement.com\/index.php\/nos-realisations\/","title":{"rendered":"Nos r\u00e9alisations"},"content":{"rendered":"<p>[et_pb_section fb_built=\u00a0\u00bb1&Prime; next_background_color=\u00a0\u00bb#ffffff\u00a0\u00bb admin_label=\u00a0\u00bbHeader\u00a0\u00bb _builder_version=\u00a0\u00bb4.27.4&Prime; _module_preset=\u00a0\u00bbdefault\u00a0\u00bb use_background_color_gradient=\u00a0\u00bbon\u00a0\u00bb background_color_gradient_direction=\u00a0\u00bb135deg\u00a0\u00bb background_color_gradient_stops=\u00a0\u00bbrgba(0,0,0,0.92) 25%|rgba(0,0,0,0) 100%\u00a0\u00bb background_color_gradient_overlays_image=\u00a0\u00bbon\u00a0\u00bb background_image=\u00a0\u00bbhttp:\/\/c2tmienvironnement.com\/wp-content\/uploads\/2025\/02\/WhatsApp-Image-2025-02-20-a-18.50.34_9e1fd857-1.jpg\u00a0\u00bb custom_padding=\u00a0\u00bb4px|||||\u00a0\u00bb bottom_divider_style=\u00a0\u00bbwave\u00a0\u00bb bottom_divider_height=\u00a0\u00bb12vw\u00a0\u00bb locked=\u00a0\u00bboff\u00a0\u00bb collapsed=\u00a0\u00bbon\u00a0\u00bb global_colors_info=\u00a0\u00bb{}\u00a0\u00bb][et_pb_row _builder_version=\u00a0\u00bb4.25.2&Prime; _module_preset=\u00a0\u00bbff46fe4a-c868-4906-8963-01b3cc7e917d\u00a0\u00bb custom_margin=\u00a0\u00bb-3px|auto|124px|auto||\u00a0\u00bb custom_padding=\u00a0\u00bb155px|||||\u00a0\u00bb locked=\u00a0\u00bboff\u00a0\u00bb global_colors_info=\u00a0\u00bb{}\u00a0\u00bb][et_pb_column type=\u00a0\u00bb4_4&Prime; _builder_version=\u00a0\u00bb4.25.2&Prime; _module_preset=\u00a0\u00bbdefault\u00a0\u00bb global_colors_info=\u00a0\u00bb{}\u00a0\u00bb][dsm_typing_effect before_typing_effect=\u00a0\u00bbNos\u00a0\u00bb typing_effect=\u00a0\u00bbr\u00e9alisations \u00a0\u00bb before_new_line=\u00a0\u00bbon\u00a0\u00bb after_new_line=\u00a0\u00bboff\u00a0\u00bb typing_speed=\u00a0\u00bb30ms\u00a0\u00bb typing_cursor_color=\u00a0\u00bbRGBA(255,255,255,0)\u00a0\u00bb typing_background_color=\u00a0\u00bbRGBA(255,255,255,0)\u00a0\u00bb before_typing_background_color=\u00a0\u00bbRGBA(255,255,255,0)\u00a0\u00bb before_typing_padding=\u00a0\u00bb0px|||0px|false|false\u00a0\u00bb after_typing_background_color=\u00a0\u00bbgcid-primary-color\u00a0\u00bb _builder_version=\u00a0\u00bb4.27.4&Prime; _module_preset=\u00a0\u00bbdefault\u00a0\u00bb header_font=\u00a0\u00bb&#8211;et_global_body_font|600|||||||\u00a0\u00bb header_text_align=\u00a0\u00bbleft\u00a0\u00bb header_text_color=\u00a0\u00bbgcid-primary-color\u00a0\u00bb header_font_size=\u00a0\u00bb39px\u00a0\u00bb before_font=\u00a0\u00bb&#8211;et_global_heading_font|600|||||||\u00a0\u00bb before_text_align=\u00a0\u00bbcenter\u00a0\u00bb before_text_color=\u00a0\u00bb#F3F8F4&Prime; before_font_size=\u00a0\u00bb71px\u00a0\u00bb after_font=\u00a0\u00bb|700|||||||\u00a0\u00bb after_text_align=\u00a0\u00bbcenter\u00a0\u00bb custom_margin=\u00a0\u00bb0px||||false|false\u00a0\u00bb global_colors_info=\u00a0\u00bb{%22gcid-primary-color%22:%91%22after_typing_background_color%22,%22header_text_color%22%93}\u00a0\u00bb][\/dsm_typing_effect][et_pb_text _builder_version=\u00a0\u00bb4.27.4&Prime; _module_preset=\u00a0\u00bbdefault\u00a0\u00bb text_font=\u00a0\u00bb&#8211;et_global_body_font|500|||||||\u00a0\u00bb text_text_color=\u00a0\u00bb#F3F8F4&Prime; text_font_size=\u00a0\u00bb24px\u00a0\u00bb text_line_height=\u00a0\u00bb1.4em\u00a0\u00bb header_2_text_color=\u00a0\u00bb#F3F8F4&Prime; global_colors_info=\u00a0\u00bb{}\u00a0\u00bb]<\/p>\n<h2 style=\"text-align: left;\">Exemples de projets r\u00e9alis\u00e9s<\/h2>\n<p>[\/et_pb_text][et_pb_heading title=\u00a0\u00bbPerformance-durabilit\u00e9-confiance\u00a0\u00bb _builder_version=\u00a0\u00bb4.27.4&Prime; _module_preset=\u00a0\u00bb784afa12-7734-4f99-afac-595abf273e26&Prime; title_font=\u00a0\u00bb&#8211;et_global_heading_font|500||on|||||\u00a0\u00bb title_text_align=\u00a0\u00bbleft\u00a0\u00bb title_text_color=\u00a0\u00bb#F3F8F4&Prime; title_font_size=\u00a0\u00bb20px\u00a0\u00bb global_colors_info=\u00a0\u00bb{}\u00a0\u00bb][\/et_pb_heading][et_pb_button button_url=\u00a0\u00bbhttps:\/\/c2tmienvironnement.com\/index.php\/contact\/\u00a0\u00bb button_text=\u00a0\u00bbDemander un devis\u00a0\u00bb button_alignment=\u00a0\u00bbright\u00a0\u00bb _builder_version=\u00a0\u00bb4.27.4&Prime; _module_preset=\u00a0\u00bbdefault\u00a0\u00bb custom_button=\u00a0\u00bbon\u00a0\u00bb button_text_color=\u00a0\u00bbgcid-b6c4f12c-f25d-4f61-9fb1-6e96404634cd\u00a0\u00bb button_bg_color=\u00a0\u00bbgcid-primary-color\u00a0\u00bb button_border_color=\u00a0\u00bbgcid-primary-color\u00a0\u00bb button_border_radius=\u00a0\u00bb21px\u00a0\u00bb button_font=\u00a0\u00bbInter|600|||||||\u00a0\u00bb button_use_icon=\u00a0\u00bboff\u00a0\u00bb global_colors_info=\u00a0\u00bb{%22gcid-primary-color%22:%91%22button_border_color%22,%22button_bg_color%22%93,%22gcid-b6c4f12c-f25d-4f61-9fb1-6e96404634cd%22:%91%22button_text_color%22%93}\u00a0\u00bb][\/et_pb_button][\/et_pb_column][\/et_pb_row][\/et_pb_section][et_pb_section fb_built=\u00a0\u00bb1&Prime; _builder_version=\u00a0\u00bb4.27.4&Prime; _module_preset=\u00a0\u00bbdefault\u00a0\u00bb min_height=\u00a0\u00bb676.4px\u00a0\u00bb custom_margin=\u00a0\u00bb0px|||||\u00a0\u00bb custom_padding=\u00a0\u00bb||77px|||\u00a0\u00bb locked=\u00a0\u00bboff\u00a0\u00bb global_colors_info=\u00a0\u00bb{}\u00a0\u00bb][et_pb_row _builder_version=\u00a0\u00bb4.27.4&Prime; _module_preset=\u00a0\u00bbdefault\u00a0\u00bb global_colors_info=\u00a0\u00bb{}\u00a0\u00bb][et_pb_column type=\u00a0\u00bb4_4&Prime; _builder_version=\u00a0\u00bb4.27.4&Prime; _module_preset=\u00a0\u00bbdefault\u00a0\u00bb global_colors_info=\u00a0\u00bb{}\u00a0\u00bb][dsm_typing_effect typing_effect=\u00a0\u00bbNos r\u00e9alisations\u00a0\u00bb before_new_line=\u00a0\u00bboff\u00a0\u00bb after_typing_effect=\u00a0\u00bben vid\u00e9o\u00a0\u00bb after_new_line=\u00a0\u00bboff\u00a0\u00bb typing_cursor_color=\u00a0\u00bbRGBA(255,255,255,0)\u00a0\u00bb after_typing_background_color=\u00a0\u00bbRGBA(255,255,255,0)\u00a0\u00bb _builder_version=\u00a0\u00bb4.27.4&Prime; _module_preset=\u00a0\u00bbdefault\u00a0\u00bb header_level=\u00a0\u00bbh3&Prime; header_font=\u00a0\u00bb&#8211;et_global_heading_font|600|||||||\u00a0\u00bb header_text_align=\u00a0\u00bbleft\u00a0\u00bb header_text_color=\u00a0\u00bbgcid-primary-color\u00a0\u00bb header_font_size=\u00a0\u00bb46px\u00a0\u00bb after_font=\u00a0\u00bb|300|on||||||\u00a0\u00bb after_text_color=\u00a0\u00bb#1A1A11&Prime; after_font_size=\u00a0\u00bb37px\u00a0\u00bb global_colors_info=\u00a0\u00bb{%22gcid-primary-color%22:%91%22header_text_color%22%93}\u00a0\u00bb][\/dsm_typing_effect][\/et_pb_column][\/et_pb_row][et_pb_row _builder_version=\u00a0\u00bb4.27.4&Prime; _module_preset=\u00a0\u00bbdefault\u00a0\u00bb global_colors_info=\u00a0\u00bb{}\u00a0\u00bb][et_pb_column type=\u00a0\u00bb4_4&Prime; _builder_version=\u00a0\u00bb4.27.4&Prime; _module_preset=\u00a0\u00bbdefault\u00a0\u00bb global_colors_info=\u00a0\u00bb{}\u00a0\u00bb][et_pb_video src=\u00a0\u00bbhttps:\/\/www.youtube.com\/watch?v=Q3GnZpM6Bhc\u00a0\u00bb _builder_version=\u00a0\u00bb4.27.4&Prime; _module_preset=\u00a0\u00bbdefault\u00a0\u00bb hover_enabled=\u00a0\u00bb0&Prime; global_colors_info=\u00a0\u00bb{}\u00a0\u00bb sticky_enabled=\u00a0\u00bb0&Prime;][\/et_pb_video][\/et_pb_column][\/et_pb_row][et_pb_row column_structure=\u00a0\u00bb1_2,1_2&Prime; _builder_version=\u00a0\u00bb4.27.4&Prime; _module_preset=\u00a0\u00bbdefault\u00a0\u00bb global_colors_info=\u00a0\u00bb{}\u00a0\u00bb][et_pb_column type=\u00a0\u00bb1_2&Prime; _builder_version=\u00a0\u00bb4.27.4&Prime; _module_preset=\u00a0\u00bbdefault\u00a0\u00bb global_colors_info=\u00a0\u00bb{}\u00a0\u00bb][et_pb_social_media_follow icon_color=\u00a0\u00bb#466245&Prime; _builder_version=\u00a0\u00bb4.27.4&Prime; _module_preset=\u00a0\u00bbdefault\u00a0\u00bb background_color=\u00a0\u00bbRGBA(255,255,255,0)\u00a0\u00bb text_orientation=\u00a0\u00bbleft\u00a0\u00bb custom_margin=\u00a0\u00bb-14px||-14px||false|false\u00a0\u00bb custom_padding=\u00a0\u00bb0px||||false|false\u00a0\u00bb locked=\u00a0\u00bboff\u00a0\u00bb global_colors_info=\u00a0\u00bb{}\u00a0\u00bb][et_pb_social_media_follow_network social_network=\u00a0\u00bblinkedin\u00a0\u00bb url=\u00a0\u00bbhttps:\/\/fr.linkedin.com\/in\/christian-tsivatou-62a33ba5&Prime; icon_color=\u00a0\u00bbgcid-primary-color\u00a0\u00bb use_icon_font_size=\u00a0\u00bbon\u00a0\u00bb icon_font_size=\u00a0\u00bb32px\u00a0\u00bb _builder_version=\u00a0\u00bb4.27.4&Prime; _module_preset=\u00a0\u00bbdefault\u00a0\u00bb background_color=\u00a0\u00bbRGBA(255,255,255,0)\u00a0\u00bb background_enable_color=\u00a0\u00bbon\u00a0\u00bb global_colors_info=\u00a0\u00bb{%22gcid-primary-color%22:%91%22icon_color%22%93}\u00a0\u00bb follow_button=\u00a0\u00bboff\u00a0\u00bb url_new_window=\u00a0\u00bbon\u00a0\u00bb]linkedin[\/et_pb_social_media_follow_network][et_pb_social_media_follow_network social_network=\u00a0\u00bbinstagram\u00a0\u00bb url=\u00a0\u00bbhttps:\/\/www.instagram.com\/c2tmi.company\/\u00a0\u00bb icon_color=\u00a0\u00bbgcid-primary-color\u00a0\u00bb use_icon_font_size=\u00a0\u00bbon\u00a0\u00bb icon_font_size=\u00a0\u00bb32px\u00a0\u00bb _builder_version=\u00a0\u00bb4.27.4&Prime; _module_preset=\u00a0\u00bbdefault\u00a0\u00bb background_color=\u00a0\u00bbRGBA(255,255,255,0)\u00a0\u00bb background_enable_color=\u00a0\u00bbon\u00a0\u00bb global_colors_info=\u00a0\u00bb{%22gcid-primary-color%22:%91%22icon_color%22%93}\u00a0\u00bb follow_button=\u00a0\u00bboff\u00a0\u00bb url_new_window=\u00a0\u00bbon\u00a0\u00bb]instagram[\/et_pb_social_media_follow_network][\/et_pb_social_media_follow][\/et_pb_column][et_pb_column type=\u00a0\u00bb1_2&Prime; _builder_version=\u00a0\u00bb4.27.4&Prime; _module_preset=\u00a0\u00bbdefault\u00a0\u00bb global_colors_info=\u00a0\u00bb{}\u00a0\u00bb][et_pb_button button_url=\u00a0\u00bbhttps:\/\/c2tmienvironnement.com\/index.php\/contact\/\u00a0\u00bb button_text=\u00a0\u00bbContactez-nous\u00a0\u00bb button_alignment=\u00a0\u00bbright\u00a0\u00bb _builder_version=\u00a0\u00bb4.27.4&Prime; _module_preset=\u00a0\u00bbdefault\u00a0\u00bb custom_button=\u00a0\u00bbon\u00a0\u00bb button_text_color=\u00a0\u00bbgcid-b6c4f12c-f25d-4f61-9fb1-6e96404634cd\u00a0\u00bb button_bg_color=\u00a0\u00bbgcid-primary-color\u00a0\u00bb button_border_color=\u00a0\u00bbgcid-primary-color\u00a0\u00bb button_border_radius=\u00a0\u00bb21px\u00a0\u00bb button_font=\u00a0\u00bbInter|600|||||||\u00a0\u00bb button_use_icon=\u00a0\u00bboff\u00a0\u00bb locked=\u00a0\u00bboff\u00a0\u00bb global_colors_info=\u00a0\u00bb{%22gcid-primary-color%22:%91%22button_border_color%22,%22button_bg_color%22%93,%22gcid-b6c4f12c-f25d-4f61-9fb1-6e96404634cd%22:%91%22button_text_color%22%93}\u00a0\u00bb][\/et_pb_button][\/et_pb_column][\/et_pb_row][\/et_pb_section]<\/p>\n","protected":false},"excerpt":{"rendered":"<p><div class=\"et_pb_module dsm_typing_effect dsm_typing_effect_0 et_pb_bg_layout_light \">\n\t\t\t\t\n\t\t\t\t\n\t\t\t\t\n\t\t\t\t\n\t\t\t\t\n\t\t\t\t\n\t\t\t\t<div class=\"et_pb_module_inner\">\n\t\t\t\t\t<h1 class=\"dsm-typing-effect et_pb_module_header\" aria-label=\"r\u00e9alisations \"><span class=\"dsm-before-typing-effect\">Nos<\/span> <br><span class=\"dsm-typing-wrapper\"><span class=\"dsm-typing-strings\">r\u00e9alisations <\/span><span class=\"dsm-typing\" aria-hidden=\"true\" data-dsm-typing-cursor=\"|\" data-dsm-typing-strings=\"r\u00e9alisations \" data-dsm-typing-speed=30ms data-dsm-typing-backspeed=50ms data-dsm-typing-backdelay=700ms data-dsm-typing-loop=true data-dsm-typing-fadeout=false data-dsm-typing-shuffle=false data-dsm-typing-delay=0ms data-dsm-typing-viewport=80% data-dsm-typing-repeat=on><\/span><\/span><\/h1>\n\t\t\t\t<\/div>\n\t\t\t<\/div>Exemples de projets r\u00e9alis\u00e9s<div class=\"et_pb_module dsm_typing_effect dsm_typing_effect_1 et_pb_bg_layout_light \">\n\t\t\t\t\n\t\t\t\t\n\t\t\t\t\n\t\t\t\t\n\t\t\t\t\n\t\t\t\t\n\t\t\t\t<div class=\"et_pb_module_inner\">\n\t\t\t\t\t<h3 class=\"dsm-typing-effect et_pb_module_header\" aria-label=\"Nos r\u00e9alisations\"> <span class=\"dsm-typing-wrapper\"><span class=\"dsm-typing-strings\">Nos r\u00e9alisations<\/span><span class=\"dsm-typing\" aria-hidden=\"true\" data-dsm-typing-cursor=\"|\" data-dsm-typing-strings=\"Nos r\u00e9alisations\" data-dsm-typing-speed=100ms data-dsm-typing-backspeed=50ms data-dsm-typing-backdelay=700ms data-dsm-typing-loop=true data-dsm-typing-fadeout=false data-dsm-typing-shuffle=false data-dsm-typing-delay=0ms data-dsm-typing-viewport=80% data-dsm-typing-repeat=on><\/span><\/span><span class=\"dsm-after-typing-effect\">en vid\u00e9o<\/span><\/h3>\n\t\t\t\t<\/div>\n\t\t\t<\/div><\/p>\n","protected":false},"author":1,"featured_media":0,"parent":0,"menu_order":0,"comment_status":"closed","ping_status":"closed","template":"","meta":{"_et_pb_use_builder":"on","_et_pb_old_content":"","_et_gb_content_width":"","_monsterinsights_skip_tracking":false,"_monsterinsights_sitenote_active":false,"_monsterinsights_sitenote_note":"","_monsterinsights_sitenote_category":0,"footnotes":""},"class_list":["post-2314","page","type-page","status-publish","hentry"],"yoast_head":"<!-- This site is optimized with the Yoast SEO plugin v27.3 - https:\/\/yoast.com\/product\/yoast-seo-wordpress\/ -->\n<title>Nos r\u00e9alisations - C2TMI ENVIRONNEMENT<\/title>\n<meta name=\"description\" content=\"Cette page vous montre un aper\u00e7u concret de nos r\u00e9alisations sur le terrain, montage de cuves, nettoyage sp\u00e9cialis\u00e9.\" \/>\n<meta name=\"robots\" content=\"index, follow, max-snippet:-1, max-image-preview:large, max-video-preview:-1\" \/>\n<link rel=\"canonical\" href=\"https:\/\/c2tmienvironnement.com\/index.php\/nos-realisations\/\" \/>\n<meta property=\"og:locale\" content=\"fr_FR\" \/>\n<meta property=\"og:type\" content=\"article\" \/>\n<meta property=\"og:title\" content=\"Nos r\u00e9alisations - C2TMI ENVIRONNEMENT\" \/>\n<meta property=\"og:description\" content=\"Cette page vous montre un aper\u00e7u concret de nos r\u00e9alisations sur le terrain, montage de cuves, nettoyage sp\u00e9cialis\u00e9.\" \/>\n<meta property=\"og:url\" content=\"https:\/\/c2tmienvironnement.com\/index.php\/nos-realisations\/\" \/>\n<meta property=\"og:site_name\" content=\"C2TMI ENVIRONNEMENT\" \/>\n<meta property=\"article:modified_time\" content=\"2026-02-03T08:52:43+00:00\" \/>\n<meta name=\"twitter:card\" content=\"summary_large_image\" \/>\n<meta name=\"twitter:label1\" content=\"Dur\u00e9e de lecture estim\u00e9e\" \/>\n\t<meta name=\"twitter:data1\" content=\"1 minute\" \/>\n<script type=\"application\/ld+json\" class=\"yoast-schema-graph\">{\"@context\":\"https:\\\/\\\/schema.org\",\"@graph\":[{\"@type\":\"WebPage\",\"@id\":\"https:\\\/\\\/c2tmienvironnement.com\\\/index.php\\\/nos-realisations\\\/\",\"url\":\"https:\\\/\\\/c2tmienvironnement.com\\\/index.php\\\/nos-realisations\\\/\",\"name\":\"Nos r\u00e9alisations - C2TMI ENVIRONNEMENT\",\"isPartOf\":{\"@id\":\"https:\\\/\\\/c2tmienvironnement.com\\\/#website\"},\"datePublished\":\"2025-05-23T08:52:56+00:00\",\"dateModified\":\"2026-02-03T08:52:43+00:00\",\"description\":\"Cette page vous montre un aper\u00e7u concret de nos r\u00e9alisations sur le terrain, montage de cuves, nettoyage sp\u00e9cialis\u00e9.\",\"breadcrumb\":{\"@id\":\"https:\\\/\\\/c2tmienvironnement.com\\\/index.php\\\/nos-realisations\\\/#breadcrumb\"},\"inLanguage\":\"fr-FR\",\"potentialAction\":[{\"@type\":\"ReadAction\",\"target\":[\"https:\\\/\\\/c2tmienvironnement.com\\\/index.php\\\/nos-realisations\\\/\"]}]},{\"@type\":\"BreadcrumbList\",\"@id\":\"https:\\\/\\\/c2tmienvironnement.com\\\/index.php\\\/nos-realisations\\\/#breadcrumb\",\"itemListElement\":[{\"@type\":\"ListItem\",\"position\":1,\"name\":\"Accueil\",\"item\":\"https:\\\/\\\/c2tmienvironnement.com\\\/\"},{\"@type\":\"ListItem\",\"position\":2,\"name\":\"Nos r\u00e9alisations\"}]},{\"@type\":\"WebSite\",\"@id\":\"https:\\\/\\\/c2tmienvironnement.com\\\/#website\",\"url\":\"https:\\\/\\\/c2tmienvironnement.com\\\/\",\"name\":\"C2TMI ENVIRONNEMENT\",\"description\":\"Votre expert en r\u00e9servoirs incendie\",\"publisher\":{\"@id\":\"https:\\\/\\\/c2tmienvironnement.com\\\/#organization\"},\"potentialAction\":[{\"@type\":\"SearchAction\",\"target\":{\"@type\":\"EntryPoint\",\"urlTemplate\":\"https:\\\/\\\/c2tmienvironnement.com\\\/?s={search_term_string}\"},\"query-input\":{\"@type\":\"PropertyValueSpecification\",\"valueRequired\":true,\"valueName\":\"search_term_string\"}}],\"inLanguage\":\"fr-FR\"},{\"@type\":\"Organization\",\"@id\":\"https:\\\/\\\/c2tmienvironnement.com\\\/#organization\",\"name\":\"C2TMI ENVIRONNEMENT\",\"url\":\"https:\\\/\\\/c2tmienvironnement.com\\\/\",\"logo\":{\"@type\":\"ImageObject\",\"inLanguage\":\"fr-FR\",\"@id\":\"https:\\\/\\\/c2tmienvironnement.com\\\/#\\\/schema\\\/logo\\\/image\\\/\",\"url\":\"https:\\\/\\\/c2tmienvironnement.com\\\/wp-content\\\/uploads\\\/2025\\\/01\\\/C2TMI_ENVIRONNEMENT.png\",\"contentUrl\":\"https:\\\/\\\/c2tmienvironnement.com\\\/wp-content\\\/uploads\\\/2025\\\/01\\\/C2TMI_ENVIRONNEMENT.png\",\"width\":3508,\"height\":1536,\"caption\":\"C2TMI ENVIRONNEMENT\"},\"image\":{\"@id\":\"https:\\\/\\\/c2tmienvironnement.com\\\/#\\\/schema\\\/logo\\\/image\\\/\"}}]}<\/script>\n<!-- \/ Yoast SEO plugin. -->","yoast_head_json":{"title":"Nos r\u00e9alisations - C2TMI ENVIRONNEMENT","description":"Cette page vous montre un aper\u00e7u concret de nos r\u00e9alisations sur le terrain, montage de cuves, nettoyage sp\u00e9cialis\u00e9.","robots":{"index":"index","follow":"follow","max-snippet":"max-snippet:-1","max-image-preview":"max-image-preview:large","max-video-preview":"max-video-preview:-1"},"canonical":"https:\/\/c2tmienvironnement.com\/index.php\/nos-realisations\/","og_locale":"fr_FR","og_type":"article","og_title":"Nos r\u00e9alisations - C2TMI ENVIRONNEMENT","og_description":"Cette page vous montre un aper\u00e7u concret de nos r\u00e9alisations sur le terrain, montage de cuves, nettoyage sp\u00e9cialis\u00e9.","og_url":"https:\/\/c2tmienvironnement.com\/index.php\/nos-realisations\/","og_site_name":"C2TMI ENVIRONNEMENT","article_modified_time":"2026-02-03T08:52:43+00:00","twitter_card":"summary_large_image","twitter_misc":{"Dur\u00e9e de lecture estim\u00e9e":"1 minute"},"schema":{"@context":"https:\/\/schema.org","@graph":[{"@type":"WebPage","@id":"https:\/\/c2tmienvironnement.com\/index.php\/nos-realisations\/","url":"https:\/\/c2tmienvironnement.com\/index.php\/nos-realisations\/","name":"Nos r\u00e9alisations - C2TMI ENVIRONNEMENT","isPartOf":{"@id":"https:\/\/c2tmienvironnement.com\/#website"},"datePublished":"2025-05-23T08:52:56+00:00","dateModified":"2026-02-03T08:52:43+00:00","description":"Cette page vous montre un aper\u00e7u concret de nos r\u00e9alisations sur le terrain, montage de cuves, nettoyage sp\u00e9cialis\u00e9.","breadcrumb":{"@id":"https:\/\/c2tmienvironnement.com\/index.php\/nos-realisations\/#breadcrumb"},"inLanguage":"fr-FR","potentialAction":[{"@type":"ReadAction","target":["https:\/\/c2tmienvironnement.com\/index.php\/nos-realisations\/"]}]},{"@type":"BreadcrumbList","@id":"https:\/\/c2tmienvironnement.com\/index.php\/nos-realisations\/#breadcrumb","itemListElement":[{"@type":"ListItem","position":1,"name":"Accueil","item":"https:\/\/c2tmienvironnement.com\/"},{"@type":"ListItem","position":2,"name":"Nos r\u00e9alisations"}]},{"@type":"WebSite","@id":"https:\/\/c2tmienvironnement.com\/#website","url":"https:\/\/c2tmienvironnement.com\/","name":"C2TMI ENVIRONNEMENT","description":"Votre expert en r\u00e9servoirs incendie","publisher":{"@id":"https:\/\/c2tmienvironnement.com\/#organization"},"potentialAction":[{"@type":"SearchAction","target":{"@type":"EntryPoint","urlTemplate":"https:\/\/c2tmienvironnement.com\/?s={search_term_string}"},"query-input":{"@type":"PropertyValueSpecification","valueRequired":true,"valueName":"search_term_string"}}],"inLanguage":"fr-FR"},{"@type":"Organization","@id":"https:\/\/c2tmienvironnement.com\/#organization","name":"C2TMI ENVIRONNEMENT","url":"https:\/\/c2tmienvironnement.com\/","logo":{"@type":"ImageObject","inLanguage":"fr-FR","@id":"https:\/\/c2tmienvironnement.com\/#\/schema\/logo\/image\/","url":"https:\/\/c2tmienvironnement.com\/wp-content\/uploads\/2025\/01\/C2TMI_ENVIRONNEMENT.png","contentUrl":"https:\/\/c2tmienvironnement.com\/wp-content\/uploads\/2025\/01\/C2TMI_ENVIRONNEMENT.png","width":3508,"height":1536,"caption":"C2TMI ENVIRONNEMENT"},"image":{"@id":"https:\/\/c2tmienvironnement.com\/#\/schema\/logo\/image\/"}}]}},"_links":{"self":[{"href":"https:\/\/c2tmienvironnement.com\/index.php\/wp-json\/wp\/v2\/pages\/2314","targetHints":{"allow":["GET"]}}],"collection":[{"href":"https:\/\/c2tmienvironnement.com\/index.php\/wp-json\/wp\/v2\/pages"}],"about":[{"href":"https:\/\/c2tmienvironnement.com\/index.php\/wp-json\/wp\/v2\/types\/page"}],"author":[{"embeddable":true,"href":"https:\/\/c2tmienvironnement.com\/index.php\/wp-json\/wp\/v2\/users\/1"}],"replies":[{"embeddable":true,"href":"https:\/\/c2tmienvironnement.com\/index.php\/wp-json\/wp\/v2\/comments?post=2314"}],"version-history":[{"count":8,"href":"https:\/\/c2tmienvironnement.com\/index.php\/wp-json\/wp\/v2\/pages\/2314\/revisions"}],"predecessor-version":[{"id":2328,"href":"https:\/\/c2tmienvironnement.com\/index.php\/wp-json\/wp\/v2\/pages\/2314\/revisions\/2328"}],"wp:attachment":[{"href":"https:\/\/c2tmienvironnement.com\/index.php\/wp-json\/wp\/v2\/media?parent=2314"}],"curies":[{"name":"wp","href":"https:\/\/api.w.org\/{rel}","templated":true}]}}